{"id":23,"date":"2023-11-16T06:04:00","date_gmt":"2023-11-16T06:04:00","guid":{"rendered":"https:\/\/web.ideadeoriente.edu.mx\/?page_id=23"},"modified":"2025-08-20T12:41:20","modified_gmt":"2025-08-20T12:41:20","slug":"admisiones","status":"publish","type":"page","link":"https:\/\/www.ideadeoriente.edu.mx\/index.php\/admisiones\/","title":{"rendered":"Admisiones"},"content":{"rendered":"<p>[et_pb_section fb_built=\u00bb1&#8243; fullwidth=\u00bbon\u00bb next_background_color=\u00bb#ffffff\u00bb _builder_version=\u00bb4.23.1&#8243; _module_preset=\u00bbdefault\u00bb background_image=\u00bbhttps:\/\/www.ideadeoriente.edu.mx\/wp-content\/uploads\/2023\/11\/4eab9a8d-ecc3-43b9-900f-69e75b835368_out-1992&#215;1008.jpg\u00bb parallax=\u00bbon\u00bb bottom_divider_style=\u00bbcurve2&#8243; animation_style=\u00bbslide\u00bb global_colors_info=\u00bb{}\u00bb][et_pb_fullwidth_slider _builder_version=\u00bb4.23.1&#8243; _module_preset=\u00bbdefault\u00bb global_colors_info=\u00bb{}\u00bb][et_pb_slide heading=\u00bbAdmisiones IDEA\u00bb _builder_version=\u00bb4.23.1&#8243; _module_preset=\u00bbdefault\u00bb header_font=\u00bb|600|||||||\u00bb header_text_color=\u00bb#FFFFFF\u00bb body_font=\u00bb|600|||||||\u00bb body_text_color=\u00bb#FFFFFF\u00bb body_line_height=\u00bb1.5em\u00bb background_color=\u00bbRGBA(255,255,255,0)\u00bb background_enable_color=\u00bbon\u00bb global_colors_info=\u00bb{}\u00bb sticky_transition=\u00bbon\u00bb]<\/p>\n<p><span>Descubre tu potencial emprendedor en \u00abIDEA de Oriente\u00bb. Con talleres innovadores, mentor\u00eda experta y eventos exclusivos, potenciamos tus ideas para el \u00e9xito. \u00a1Inscr\u00edbete y haz realidad tus proyectos empresariales!<\/span><\/p>\n<p>[\/et_pb_slide][\/et_pb_fullwidth_slider][\/et_pb_section][et_pb_section fb_built=\u00bb1&#8243; admin_label=\u00bbFeatures\u00bb _builder_version=\u00bb4.23.1&#8243; custom_margin=\u00bb80px||||false|false\u00bb custom_padding=\u00bb0px|||||\u00bb locked=\u00bboff\u00bb global_colors_info=\u00bb{}\u00bb][et_pb_row _builder_version=\u00bb4.16&#8243; global_colors_info=\u00bb{}\u00bb][et_pb_column type=\u00bb4_4&#8243; _builder_version=\u00bb4.16&#8243; custom_padding=\u00bb|||\u00bb global_colors_info=\u00bb{}\u00bb custom_padding__hover=\u00bb|||\u00bb][et_pb_text _builder_version=\u00bb4.23.1&#8243; text_font=\u00bb||||||||\u00bb text_font_size=\u00bb16px\u00bb text_line_height=\u00bb2em\u00bb header_2_font=\u00bbRubik|500||on|||||\u00bb header_2_text_color=\u00bb#ff8f00&#8243; header_2_font_size=\u00bb14px\u00bb header_2_letter_spacing=\u00bb1px\u00bb header_2_line_height=\u00bb1.5em\u00bb header_3_font=\u00bbRubik|500|||||||\u00bb header_3_font_size=\u00bb38px\u00bb header_3_line_height=\u00bb1.4em\u00bb text_orientation=\u00bbcenter\u00bb max_width=\u00bb700px\u00bb module_alignment=\u00bbcenter\u00bb animation_style=\u00bbbounce\u00bb header_2_font_size_tablet=\u00bb42px\u00bb header_2_font_size_phone=\u00bb32px\u00bb header_2_font_size_last_edited=\u00bboff|desktop\u00bb header_3_font_size_tablet=\u00bb28px\u00bb header_3_font_size_phone=\u00bb20px\u00bb header_3_font_size_last_edited=\u00bbon|phone\u00bb locked=\u00bboff\u00bb global_colors_info=\u00bb{}\u00bb]<\/p>\n<h2>En idea de oriente<\/h2>\n<h3>Nuestro sistema es cuatrimestral<\/h3>\n<p>[\/et_pb_text][\/et_pb_column][\/et_pb_row][et_pb_row column_structure=\u00bb1_2,1_2&#8243; _builder_version=\u00bb4.23.1&#8243; _module_preset=\u00bbdefault\u00bb global_colors_info=\u00bb{}\u00bb][et_pb_column type=\u00bb1_2&#8243; _builder_version=\u00bb4.23.1&#8243; _module_preset=\u00bbdefault\u00bb global_colors_info=\u00bb{}\u00bb][et_pb_code _builder_version=\u00bb4.23.1&#8243; _module_preset=\u00bbdefault\u00bb text_orientation=\u00bbcenter\u00bb animation_style=\u00bbslide\u00bb global_colors_info=\u00bb{}\u00bb]<lord-icon<!-- [et_pb_line_break_holder] -->    src=\u00bbhttps:\/\/cdn.lordicon.com\/vmhyalgb.json\u00bb<!-- [et_pb_line_break_holder] -->    trigger=\u00bbloop\u00bb<!-- [et_pb_line_break_holder] -->    delay=\u00bb2000&#8243;<!-- [et_pb_line_break_holder] -->    style=\u00bbwidth:250px;height:250px\u00bb><!-- [et_pb_line_break_holder] --><\/lord-icon>[\/et_pb_code][et_pb_cta title=\u00bbNuevo ingreso\u00bb button_url=\u00bb#\u00bb _builder_version=\u00bb4.23.1&#8243; header_font=\u00bb|600|||||||\u00bb header_font_size=\u00bb22px\u00bb header_line_height=\u00bb1.4em\u00bb body_font=\u00bb||||||||\u00bb body_line_height=\u00bb2em\u00bb background_color=\u00bb#ffffff\u00bb custom_button=\u00bbon\u00bb button_text_size=\u00bb13px\u00bb button_text_color=\u00bb#2970fa\u00bb button_bg_color=\u00bbrgba(255,255,255,0)\u00bb button_border_width=\u00bb0px\u00bb button_border_color=\u00bbrgba(0,0,0,0)\u00bb button_border_radius=\u00bb5px\u00bb button_letter_spacing=\u00bb1px\u00bb button_font=\u00bbRubik|||on|||||\u00bb button_icon=\u00bb&#xe03c;||divi||400&#8243; button_on_hover=\u00bboff\u00bb background_layout=\u00bblight\u00bb height=\u00bb350px\u00bb custom_margin=\u00bb-18px|||||\u00bb custom_padding=\u00bb30px|30px|30px|30px|false|true\u00bb animation_style=\u00bbslide\u00bb animation_direction=\u00bbtop\u00bb animation_intensity_slide=\u00bb4%\u00bb header_font_size_tablet=\u00bb\u00bb header_font_size_phone=\u00bb18px\u00bb header_font_size_last_edited=\u00bbon|phone\u00bb border_radii=\u00bbon|24px|24px|24px|24px\u00bb box_shadow_style=\u00bbpreset1&#8243; box_shadow_vertical=\u00bb90px\u00bb box_shadow_blur=\u00bb160px\u00bb box_shadow_color=\u00bbrgba(0,0,0,0.06)\u00bb button_letter_spacing_hover=\u00bb1px\u00bb locked=\u00bboff\u00bb global_colors_info=\u00bb{}\u00bb button_text_size__hover_enabled=\u00bboff\u00bb button_one_text_size__hover_enabled=\u00bboff\u00bb button_two_text_size__hover_enabled=\u00bboff\u00bb button_text_color__hover_enabled=\u00bboff\u00bb button_one_text_color__hover_enabled=\u00bboff\u00bb button_two_text_color__hover_enabled=\u00bboff\u00bb button_border_width__hover_enabled=\u00bboff\u00bb button_one_border_width__hover_enabled=\u00bboff\u00bb button_two_border_width__hover_enabled=\u00bboff\u00bb button_border_color__hover_enabled=\u00bboff\u00bb button_one_border_color__hover_enabled=\u00bboff\u00bb button_two_border_color__hover_enabled=\u00bboff\u00bb button_border_radius__hover_enabled=\u00bboff\u00bb button_one_border_radius__hover_enabled=\u00bboff\u00bb button_two_border_radius__hover_enabled=\u00bboff\u00bb button_letter_spacing__hover_enabled=\u00bbon\u00bb button_letter_spacing__hover=\u00bb1px\u00bb button_one_letter_spacing__hover_enabled=\u00bboff\u00bb button_two_letter_spacing__hover_enabled=\u00bboff\u00bb button_bg_color__hover_enabled=\u00bboff\u00bb button_one_bg_color__hover_enabled=\u00bboff\u00bb button_two_bg_color__hover_enabled=\u00bboff\u00bb]<\/p>\n<p><strong>Inscripci\u00f3n septiembre-diciembre<\/strong><\/p>\n<p><strong>Inscripci\u00f3n enero-abril<\/strong><\/p>\n<p><strong>Inscripci\u00f3n mayo-agosto<\/strong><\/p>\n<p>[\/et_pb_cta][\/et_pb_column][et_pb_column type=\u00bb1_2&#8243; _builder_version=\u00bb4.23.1&#8243; _module_preset=\u00bbdefault\u00bb global_colors_info=\u00bb{}\u00bb][et_pb_code _builder_version=\u00bb4.23.1&#8243; _module_preset=\u00bbdefault\u00bb text_orientation=\u00bbcenter\u00bb animation_style=\u00bbslide\u00bb global_colors_info=\u00bb{}\u00bb]<lord-icon<!-- [et_pb_line_break_holder] -->    src=\u00bbhttps:\/\/cdn.lordicon.com\/lgsnrzcr.json\u00bb<!-- [et_pb_line_break_holder] -->    trigger=\u00bbloop\u00bb<!-- [et_pb_line_break_holder] -->    state=\u00bb\u00bb<!-- [et_pb_line_break_holder] -->    style=\u00bbwidth:250px;height:250px\u00bb><!-- [et_pb_line_break_holder] --><\/lord-icon>[\/et_pb_code][et_pb_cta title=\u00bbReinscripciones\u00bb button_url=\u00bb#\u00bb _builder_version=\u00bb4.23.1&#8243; header_font=\u00bb|600|||||||\u00bb header_font_size=\u00bb22px\u00bb header_line_height=\u00bb1.4em\u00bb body_font=\u00bb||||||||\u00bb body_line_height=\u00bb2em\u00bb background_color=\u00bb#ffffff\u00bb custom_button=\u00bbon\u00bb button_text_size=\u00bb13px\u00bb button_text_color=\u00bb#2970fa\u00bb button_bg_color=\u00bbrgba(255,255,255,0)\u00bb button_border_width=\u00bb0px\u00bb button_border_color=\u00bbrgba(0,0,0,0)\u00bb button_border_radius=\u00bb5px\u00bb button_letter_spacing=\u00bb1px\u00bb button_font=\u00bbRubik|||on|||||\u00bb button_icon=\u00bb&#xe03c;||divi||400&#8243; button_on_hover=\u00bboff\u00bb background_layout=\u00bblight\u00bb height=\u00bb350px\u00bb custom_margin=\u00bb-18px|||||\u00bb custom_padding=\u00bb30px|30px|30px|30px|false|true\u00bb animation_style=\u00bbslide\u00bb animation_direction=\u00bbtop\u00bb animation_intensity_slide=\u00bb4%\u00bb header_font_size_tablet=\u00bb\u00bb header_font_size_phone=\u00bb18px\u00bb header_font_size_last_edited=\u00bbon|phone\u00bb border_radii=\u00bbon|24px|24px|24px|24px\u00bb box_shadow_style=\u00bbpreset1&#8243; box_shadow_vertical=\u00bb90px\u00bb box_shadow_blur=\u00bb160px\u00bb box_shadow_color=\u00bbrgba(0,0,0,0.06)\u00bb button_letter_spacing_hover=\u00bb1px\u00bb locked=\u00bboff\u00bb global_colors_info=\u00bb{}\u00bb button_text_size__hover_enabled=\u00bboff\u00bb button_one_text_size__hover_enabled=\u00bboff\u00bb button_two_text_size__hover_enabled=\u00bboff\u00bb button_text_color__hover_enabled=\u00bboff\u00bb button_one_text_color__hover_enabled=\u00bboff\u00bb button_two_text_color__hover_enabled=\u00bboff\u00bb button_border_width__hover_enabled=\u00bboff\u00bb button_one_border_width__hover_enabled=\u00bboff\u00bb button_two_border_width__hover_enabled=\u00bboff\u00bb button_border_color__hover_enabled=\u00bboff\u00bb button_one_border_color__hover_enabled=\u00bboff\u00bb button_two_border_color__hover_enabled=\u00bboff\u00bb button_border_radius__hover_enabled=\u00bboff\u00bb button_one_border_radius__hover_enabled=\u00bboff\u00bb button_two_border_radius__hover_enabled=\u00bboff\u00bb button_letter_spacing__hover_enabled=\u00bbon\u00bb button_letter_spacing__hover=\u00bb1px\u00bb button_one_letter_spacing__hover_enabled=\u00bboff\u00bb button_two_letter_spacing__hover_enabled=\u00bboff\u00bb button_bg_color__hover_enabled=\u00bboff\u00bb button_one_bg_color__hover_enabled=\u00bboff\u00bb button_two_bg_color__hover_enabled=\u00bboff\u00bb]<\/p>\n<p><span>Los estudiantes se reinscribir\u00e1n a partir de la acreditaci\u00f3n de sus ex\u00e1menes finales, que de acuerdo al cronograma se realizan durante las dos \u00faltimas semanas del cuatrimestre.<\/span><\/p>\n<p>[\/et_pb_cta][\/et_pb_column][\/et_pb_row][\/et_pb_section][et_pb_section fb_built=\u00bb1&#8243; fullwidth=\u00bbon\u00bb prev_background_color=\u00bb#ffffff\u00bb next_background_color=\u00bb#ffffff\u00bb _builder_version=\u00bb4.23.1&#8243; _module_preset=\u00bbdefault\u00bb background_color=\u00bb#007DB8&#8243; custom_padding=\u00bb90px||90px||true|false\u00bb top_divider_style=\u00bbcurve2&#8243; bottom_divider_style=\u00bbwave2&#8243; animation_style=\u00bbflip\u00bb global_colors_info=\u00bb{}\u00bb][et_pb_fullwidth_header title=\u00bbAdmisiones\u00bb _builder_version=\u00bb4.23.1&#8243; _module_preset=\u00bbdefault\u00bb title_text_align=\u00bbcenter\u00bb title_font_size=\u00bb40px\u00bb content_text_align=\u00bbcenter\u00bb content_font_size=\u00bb22px\u00bb background_color=\u00bb#007DB8&#8243; global_colors_info=\u00bb{}\u00bb]<\/p>\n<p>Conoce los requisitos de admisi\u00f3n<\/p>\n<p>[\/et_pb_fullwidth_header][\/et_pb_section][et_pb_section fb_built=\u00bb1&#8243; _builder_version=\u00bb4.23.1&#8243; _module_preset=\u00bbdefault\u00bb global_colors_info=\u00bb{}\u00bb][et_pb_row column_structure=\u00bb1_2,1_2&#8243; _builder_version=\u00bb4.23.1&#8243; _module_preset=\u00bbdefault\u00bb global_colors_info=\u00bb{}\u00bb][et_pb_column type=\u00bb1_2&#8243; _builder_version=\u00bb4.23.1&#8243; _module_preset=\u00bbdefault\u00bb global_colors_info=\u00bb{}\u00bb][et_pb_cta title=\u00bbLicenciatura\u00bb button_url=\u00bb#\u00bb _builder_version=\u00bb4.23.1&#8243; header_font=\u00bb|600|||||||\u00bb header_font_size=\u00bb22px\u00bb header_line_height=\u00bb1.4em\u00bb body_font=\u00bb||||||||\u00bb body_text_align=\u00bbjustify\u00bb body_line_height=\u00bb2em\u00bb background_color=\u00bb#ffffff\u00bb custom_button=\u00bbon\u00bb button_text_size=\u00bb13px\u00bb button_text_color=\u00bb#2970fa\u00bb button_bg_color=\u00bbrgba(255,255,255,0)\u00bb button_border_width=\u00bb0px\u00bb button_border_color=\u00bbrgba(0,0,0,0)\u00bb button_border_radius=\u00bb5px\u00bb button_letter_spacing=\u00bb1px\u00bb button_font=\u00bbRubik|||on|||||\u00bb button_icon=\u00bb&#xe03c;||divi||400&#8243; button_on_hover=\u00bboff\u00bb background_layout=\u00bblight\u00bb height=\u00bb420px\u00bb custom_margin=\u00bb-18px|||||\u00bb custom_padding=\u00bb30px|30px|30px|30px|false|true\u00bb animation_style=\u00bbslide\u00bb animation_direction=\u00bbtop\u00bb animation_intensity_slide=\u00bb4%\u00bb header_font_size_tablet=\u00bb\u00bb header_font_size_phone=\u00bb18px\u00bb header_font_size_last_edited=\u00bbon|phone\u00bb border_radii=\u00bbon|24px|24px|24px|24px\u00bb box_shadow_style=\u00bbpreset1&#8243; box_shadow_vertical=\u00bb90px\u00bb box_shadow_blur=\u00bb160px\u00bb box_shadow_color=\u00bbrgba(0,0,0,0.06)\u00bb button_letter_spacing_hover=\u00bb1px\u00bb locked=\u00bboff\u00bb global_colors_info=\u00bb{}\u00bb button_text_size__hover_enabled=\u00bboff\u00bb button_one_text_size__hover_enabled=\u00bboff\u00bb button_two_text_size__hover_enabled=\u00bboff\u00bb button_text_color__hover_enabled=\u00bboff\u00bb button_one_text_color__hover_enabled=\u00bboff\u00bb button_two_text_color__hover_enabled=\u00bboff\u00bb button_border_width__hover_enabled=\u00bboff\u00bb button_one_border_width__hover_enabled=\u00bboff\u00bb button_two_border_width__hover_enabled=\u00bboff\u00bb button_border_color__hover_enabled=\u00bboff\u00bb button_one_border_color__hover_enabled=\u00bboff\u00bb button_two_border_color__hover_enabled=\u00bboff\u00bb button_border_radius__hover_enabled=\u00bboff\u00bb button_one_border_radius__hover_enabled=\u00bboff\u00bb button_two_border_radius__hover_enabled=\u00bboff\u00bb button_letter_spacing__hover_enabled=\u00bbon\u00bb button_letter_spacing__hover=\u00bb1px\u00bb button_one_letter_spacing__hover_enabled=\u00bboff\u00bb button_two_letter_spacing__hover_enabled=\u00bboff\u00bb button_bg_color__hover_enabled=\u00bboff\u00bb button_one_bg_color__hover_enabled=\u00bboff\u00bb button_two_bg_color__hover_enabled=\u00bboff\u00bb]<\/p>\n<p><strong>Paso 1<\/strong><br \/>Realizar una entrevista con el coordinador del \u00e1rea.<\/p>\n<p><strong>Paso 2<\/strong><br \/>Llenar la solicitud de admisi\u00f3n.<\/p>\n<p><strong>Paso 3: Documentaci\u00f3n<\/strong><br \/>Acta de nacimiento: Original y dos copias.<br \/>Certificado secundaria: Original y dos copias.<br \/>Certificado bachillerato: Original y dos copias.<br \/>CURP<\/p>\n<p>&nbsp;<\/p>\n<p>[\/et_pb_cta][\/et_pb_column][et_pb_column type=\u00bb1_2&#8243; _builder_version=\u00bb4.23.1&#8243; _module_preset=\u00bbdefault\u00bb global_colors_info=\u00bb{}\u00bb][et_pb_cta title=\u00bbPosgrado\u00bb button_url=\u00bb#\u00bb _builder_version=\u00bb4.23.1&#8243; header_font=\u00bb|600|||||||\u00bb header_font_size=\u00bb22px\u00bb header_line_height=\u00bb1.4em\u00bb body_font=\u00bb||||||||\u00bb body_text_align=\u00bbjustify\u00bb body_line_height=\u00bb2em\u00bb background_color=\u00bb#ffffff\u00bb custom_button=\u00bbon\u00bb button_text_size=\u00bb13px\u00bb button_text_color=\u00bb#2970fa\u00bb button_bg_color=\u00bbrgba(255,255,255,0)\u00bb button_border_width=\u00bb0px\u00bb button_border_color=\u00bbrgba(0,0,0,0)\u00bb button_border_radius=\u00bb5px\u00bb button_letter_spacing=\u00bb1px\u00bb button_font=\u00bbRubik|||on|||||\u00bb button_icon=\u00bb&#xe03c;||divi||400&#8243; button_on_hover=\u00bboff\u00bb background_layout=\u00bblight\u00bb height=\u00bb420px\u00bb custom_margin=\u00bb-18px|||||\u00bb custom_padding=\u00bb30px|30px|30px|30px|false|true\u00bb animation_style=\u00bbslide\u00bb animation_direction=\u00bbtop\u00bb animation_intensity_slide=\u00bb4%\u00bb hover_enabled=\u00bb0&#8243; header_font_size_tablet=\u00bb\u00bb header_font_size_phone=\u00bb18px\u00bb header_font_size_last_edited=\u00bbon|phone\u00bb border_radii=\u00bbon|24px|24px|24px|24px\u00bb box_shadow_style=\u00bbpreset1&#8243; box_shadow_vertical=\u00bb90px\u00bb box_shadow_blur=\u00bb160px\u00bb box_shadow_color=\u00bbrgba(0,0,0,0.06)\u00bb button_letter_spacing_hover=\u00bb1px\u00bb locked=\u00bboff\u00bb global_colors_info=\u00bb{}\u00bb button_text_size__hover_enabled=\u00bboff\u00bb button_one_text_size__hover_enabled=\u00bboff\u00bb button_two_text_size__hover_enabled=\u00bboff\u00bb button_text_color__hover_enabled=\u00bboff\u00bb button_one_text_color__hover_enabled=\u00bboff\u00bb button_two_text_color__hover_enabled=\u00bboff\u00bb button_border_width__hover_enabled=\u00bboff\u00bb button_one_border_width__hover_enabled=\u00bboff\u00bb button_two_border_width__hover_enabled=\u00bboff\u00bb button_border_color__hover_enabled=\u00bboff\u00bb button_one_border_color__hover_enabled=\u00bboff\u00bb button_two_border_color__hover_enabled=\u00bboff\u00bb button_border_radius__hover_enabled=\u00bboff\u00bb button_one_border_radius__hover_enabled=\u00bboff\u00bb button_two_border_radius__hover_enabled=\u00bboff\u00bb button_letter_spacing__hover_enabled=\u00bbon\u00bb button_letter_spacing__hover=\u00bb1px\u00bb button_one_letter_spacing__hover_enabled=\u00bboff\u00bb button_two_letter_spacing__hover_enabled=\u00bboff\u00bb button_bg_color__hover_enabled=\u00bboff\u00bb button_one_bg_color__hover_enabled=\u00bboff\u00bb button_two_bg_color__hover_enabled=\u00bboff\u00bb sticky_enabled=\u00bb0&#8243;]<\/p>\n<p><strong>Paso 1<\/strong><br \/>Realizar una entrevista con el coordinador del \u00e1rea.<\/p>\n<p><strong>Paso 2<\/strong><br \/>Llenar la solicitud de admisi\u00f3n.<\/p>\n<p><strong>Paso 3: Documentaci\u00f3n<\/strong><br \/>Acta de nacimiento: Original y dos copias.<br \/>Certificado estudios licenciatura: Original y dos copias.<br \/>T\u00edtulo: Original y dos copias.<br \/>C\u00e9dula: Original y dos copias.<br \/>CURP<\/p>\n<p>[\/et_pb_cta][\/et_pb_column][\/et_pb_row][\/et_pb_section][et_pb_section fb_built=\u00bb1&#8243; prev_background_color=\u00bb#ffffff\u00bb _builder_version=\u00bb4.23.1&#8243; _module_preset=\u00bbdefault\u00bb background_enable_color=\u00bboff\u00bb use_background_color_gradient=\u00bbon\u00bb background_color_gradient_stops=\u00bb#007db8 0%|#007db8 100%\u00bb custom_padding=\u00bb147px|||||\u00bb top_divider_style=\u00bbcurve2&#8243; animation_style=\u00bbslide\u00bb global_module=\u00bb148&#8243; saved_tabs=\u00bball\u00bb global_colors_info=\u00bb{}\u00bb][et_pb_row _builder_version=\u00bb4.23.1&#8243; _module_preset=\u00bbdefault\u00bb global_colors_info=\u00bb{}\u00bb][et_pb_column type=\u00bb4_4&#8243; _builder_version=\u00bb4.23.1&#8243; _module_preset=\u00bbdefault\u00bb global_colors_info=\u00bb{}\u00bb][et_pb_image src=\u00bbhttps:\/\/www.ideadeoriente.edu.mx\/wp-content\/uploads\/2023\/11\/logo_cuadrado_white.png\u00bb title_text=\u00bblogo_cuadrado_white\u00bb align=\u00bbcenter\u00bb _builder_version=\u00bb4.23.1&#8243; _module_preset=\u00bbdefault\u00bb height=\u00bb75px\u00bb global_colors_info=\u00bb{}\u00bb][\/et_pb_image][et_pb_text _builder_version=\u00bb4.23.1&#8243; _module_preset=\u00bbdefault\u00bb text_text_color=\u00bb#FFFFFF\u00bb text_font_size=\u00bb30px\u00bb text_line_height=\u00bb1.5em\u00bb text_orientation=\u00bbcenter\u00bb global_colors_info=\u00bb{}\u00bb]<\/p>\n<p>Instituto de Estudios Avanzados de Oriente S.C.<\/p>\n<p>[\/et_pb_text][et_pb_text _builder_version=\u00bb4.23.1&#8243; _module_preset=\u00bbdefault\u00bb text_text_color=\u00bb#FFFFFF\u00bb text_font_size=\u00bb18px\u00bb text_line_height=\u00bb1.5em\u00bb text_orientation=\u00bbcenter\u00bb global_colors_info=\u00bb{}\u00bb]<a href=\"https:\/\/www.ideadeoriente.edu.mx\/index.php\/aviso-de-privacidad\/\" style=\"color: #fff; text-decoration: underline;\">Aviso de privacidad<\/a>[\/et_pb_text][\/et_pb_column][\/et_pb_row][et_pb_row column_structure=\u00bb1_2,1_2&#8243; _builder_version=\u00bb4.23.1&#8243; _module_preset=\u00bbdefault\u00bb global_colors_info=\u00bb{}\u00bb][et_pb_column type=\u00bb1_2&#8243; _builder_version=\u00bb4.23.1&#8243; _module_preset=\u00bbdefault\u00bb global_colors_info=\u00bb{}\u00bb][et_pb_text _builder_version=\u00bb4.23.1&#8243; _module_preset=\u00bbdefault\u00bb text_text_color=\u00bb#FFFFFF\u00bb text_font_size=\u00bb16px\u00bb header_2_text_color=\u00bb#FFFFFF\u00bb header_2_font_size=\u00bb28px\u00bb text_orientation=\u00bbcenter\u00bb global_colors_info=\u00bb{}\u00bb]<\/p>\n<h2>Contacto<\/h2>\n<p>Poniente 5 # 454 Col. Centro<br \/>Orizaba, Ver. M\u00e9xico 94300<br \/>272 725 0007<\/p>\n<p>[\/et_pb_text][\/et_pb_column][et_pb_column type=\u00bb1_2&#8243; _builder_version=\u00bb4.23.1&#8243; _module_preset=\u00bbdefault\u00bb global_colors_info=\u00bb{}\u00bb][et_pb_text _builder_version=\u00bb4.23.1&#8243; _module_preset=\u00bbdefault\u00bb text_text_color=\u00bb#FFFFFF\u00bb text_font_size=\u00bb16px\u00bb header_2_text_color=\u00bb#FFFFFF\u00bb header_2_font_size=\u00bb28px\u00bb text_orientation=\u00bbcenter\u00bb global_colors_info=\u00bb{}\u00bb]<\/p>\n<h2>Accesos<\/h2>\n<p><a href=\"https:\/\/moon.ideadeoriente.edu.mx\" style=\"color: #fff; text-decoration: underline;\">Sistema Escolar<\/a><br \/><a href=\"mailto:enlace@ideadeoriente.edu.mx\" style=\"color: #fff; text-decoration: underline;\">enlace@ideadeoriente.edu.mx<\/a><br \/><a href=\"mailto:sistemas@ideadeoriente.edu.mx\" style=\"color: #fff; text-decoration: underline;\">sistemas@ideadeoriente.edu.mx<\/a><\/p>\n<p>[\/et_pb_text][\/et_pb_column][\/et_pb_row][\/et_pb_section]<\/p>\n","protected":false},"excerpt":{"rendered":"<p>Descubre tu potencial emprendedor en \u00abIDEA de Oriente\u00bb. Con talleres innovadores, mentor\u00eda experta y eventos exclusivos, potenciamos tus ideas para el \u00e9xito. \u00a1Inscr\u00edbete y haz realidad tus proyectos empresariales!En idea de oriente Nuestro sistema es cuatrimestralInscripci\u00f3n septiembre-diciembre Inscripci\u00f3n enero-abril Inscripci\u00f3n mayo-agostoLos estudiantes se reinscribir\u00e1n a partir de la acreditaci\u00f3n de sus ex\u00e1menes finales, que de [&hellip;]<\/p>\n","protected":false},"author":1,"featured_media":0,"parent":0,"menu_order":0,"comment_status":"closed","ping_status":"closed","template":"","meta":{"_et_pb_use_builder":"on","_et_pb_old_content":"<!-- wp:divi\/placeholder \/-->","_et_gb_content_width":"","footnotes":""},"class_list":["post-23","page","type-page","status-publish","hentry"],"_links":{"self":[{"href":"https:\/\/www.ideadeoriente.edu.mx\/index.php\/wp-json\/wp\/v2\/pages\/23","targetHints":{"allow":["GET"]}}],"collection":[{"href":"https:\/\/www.ideadeoriente.edu.mx\/index.php\/wp-json\/wp\/v2\/pages"}],"about":[{"href":"https:\/\/www.ideadeoriente.edu.mx\/index.php\/wp-json\/wp\/v2\/types\/page"}],"author":[{"embeddable":true,"href":"https:\/\/www.ideadeoriente.edu.mx\/index.php\/wp-json\/wp\/v2\/users\/1"}],"replies":[{"embeddable":true,"href":"https:\/\/www.ideadeoriente.edu.mx\/index.php\/wp-json\/wp\/v2\/comments?post=23"}],"version-history":[{"count":7,"href":"https:\/\/www.ideadeoriente.edu.mx\/index.php\/wp-json\/wp\/v2\/pages\/23\/revisions"}],"predecessor-version":[{"id":340,"href":"https:\/\/www.ideadeoriente.edu.mx\/index.php\/wp-json\/wp\/v2\/pages\/23\/revisions\/340"}],"wp:attachment":[{"href":"https:\/\/www.ideadeoriente.edu.mx\/index.php\/wp-json\/wp\/v2\/media?parent=23"}],"curies":[{"name":"wp","href":"https:\/\/api.w.org\/{rel}","templated":true}]}}